{"id":2557,"date":"2023-04-21T14:32:27","date_gmt":"2023-04-21T14:32:27","guid":{"rendered":"https:\/\/www.lepetittrainbastia.maquette-studio-orba.com\/?page_id=2557"},"modified":"2025-10-13T12:18:55","modified_gmt":"2025-10-13T12:18:55","slug":"conditions-generales-de-vente","status":"publish","type":"page","link":"https:\/\/www.lepetittrainbastia.corsica\/en\/conditions-generales-de-vente\/","title":{"rendered":"Terms and conditions of sale"},"content":{"rendered":"<p><div class=\"fusion-fullwidth fullwidth-box fusion-builder-row-1 fusion-flex-container has-pattern-background has-mask-background nonhundred-percent-fullwidth non-hundred-percent-height-scrolling\" style=\"--awb-border-radius-top-left:0px;--awb-border-radius-top-right:0px;--awb-border-radius-bottom-right:0px;--awb-border-radius-bottom-left:0px;--awb-flex-wrap:wrap;\" ><div class=\"fusion-builder-row fusion-row fusion-flex-align-items-flex-start fusion-flex-content-wrap\" style=\"max-width:1331.2px;margin-left: calc(-4% \/ 2 );margin-right: calc(-4% \/ 2 );\"><div class=\"fusion-layout-column fusion_builder_column fusion-builder-column-0 fusion_builder_column_1_1 1_1 fusion-flex-column\" style=\"--awb-bg-size:cover;--awb-width-large:100%;--awb-margin-top-large:0px;--awb-spacing-right-large:1.92%;--awb-margin-bottom-large:20px;--awb-spacing-left-large:1.92%;--awb-width-medium:100%;--awb-order-medium:0;--awb-spacing-right-medium:1.92%;--awb-spacing-left-medium:1.92%;--awb-width-small:100%;--awb-order-small:0;--awb-spacing-right-small:1.92%;--awb-spacing-left-small:1.92%;\"><div class=\"fusion-column-wrapper fusion-column-has-shadow fusion-flex-justify-content-flex-start fusion-content-layout-column\"><nav class=\"awb-menu awb-menu_row awb-menu_em-hover mobile-mode-collapse-to-button awb-menu_icons-left awb-menu_dc-yes mobile-trigger-fullwidth-off awb-menu_mobile-toggle awb-menu_indent-center mobile-size-column-relative loading mega-menu-loading awb-menu_desktop awb-menu_dropdown awb-menu_expand-right awb-menu_transition-slide_down\" style=\"--awb-font-size:var(--awb-typography3-font-size);--awb-line-height:var(--awb-typography3-line-height);--awb-text-transform:uppercase;--awb-gap:60px;--awb-justify-content:center;--awb-items-padding-top:20px;--awb-border-top:2px;--awb-color:var(--awb-color4);--awb-letter-spacing:var(--awb-typography3-letter-spacing);--awb-active-color:var(--awb-color5);--awb-active-border-top:2px;--awb-active-border-color:var(--awb-color5);--awb-submenu-color:var(--awb-color1);--awb-submenu-bg:var(--awb-color4);--awb-submenu-sep-color:hsla(var(--awb-color1-h),var(--awb-color1-s),var(--awb-color1-l),calc(var(--awb-color1-a) - 90%));--awb-submenu-items-padding-top:20px;--awb-submenu-items-padding-right:30px;--awb-submenu-items-padding-bottom:20px;--awb-submenu-items-padding-left:30px;--awb-submenu-border-radius-bottom-left:25px;--awb-submenu-active-bg:var(--awb-color5);--awb-submenu-active-color:var(--awb-color1);--awb-submenu-font-size:16px;--awb-submenu-text-transform:var(--awb-typography3-text-transform);--awb-submenu-line-height:var(--awb-typography3-line-height);--awb-submenu-letter-spacing:var(--awb-typography3-letter-spacing);--awb-submenu-max-width:220px;--awb-icons-hover-color:var(--awb-color4);--awb-main-justify-content:flex-start;--awb-sub-justify-content:flex-start;--awb-mobile-nav-button-align-hor:center;--awb-mobile-bg:hsla(var(--awb-color1-h),var(--awb-color1-s),calc(var(--awb-color1-l) + 4%),var(--awb-color1-a));--awb-mobile-color:var(--awb-color4);--awb-mobile-active-bg:var(--awb-color4);--awb-mobile-active-color:var(--awb-color1);--awb-mobile-trigger-font-size:30px;--awb-trigger-padding-top:30px;--awb-mobile-trigger-color:var(--awb-color4);--awb-mobile-font-size:var(--awb-typography3-font-size);--awb-mobile-text-transform:var(--awb-typography3-text-transform);--awb-mobile-line-height:var(--awb-typography3-line-height);--awb-mobile-letter-spacing:var(--awb-typography3-letter-spacing);--awb-mobile-justify:center;--awb-mobile-caret-left:auto;--awb-mobile-caret-right:0;--awb-fusion-font-family-typography:var(--awb-typography3-font-family);--awb-fusion-font-weight-typography:var(--awb-typography3-font-weight);--awb-fusion-font-style-typography:var(--awb-typography3-font-style);--awb-fusion-font-family-submenu-typography:var(--awb-typography3-font-family);--awb-fusion-font-weight-submenu-typography:var(--awb-typography3-font-weight);--awb-fusion-font-style-submenu-typography:var(--awb-typography3-font-style);--awb-fusion-font-family-mobile-typography:var(--awb-typography3-font-family);--awb-fusion-font-weight-mobile-typography:var(--awb-typography3-font-weight);--awb-fusion-font-style-mobile-typography:var(--awb-typography3-font-style);\" aria-label=\"Menu\" data-breakpoint=\"820\" data-count=\"0\" data-transition-type=\"fade\" data-transition-time=\"300\"><button type=\"button\" class=\"awb-menu__m-toggle\" aria-expanded=\"false\" aria-controls=\"menu-retro-main-menu\"><span class=\"awb-menu__m-toggle-inner\"><span class=\"collapsed-nav-text\">Menu<\/span><span class=\"awb-menu__m-collapse-icon\"><span class=\"awb-menu__m-collapse-icon-open fa-align-justify fas\"><\/span><span class=\"awb-menu__m-collapse-icon-close fa-bars fas\"><\/span><\/span><\/span><\/button><ul id=\"menu-menu\" class=\"fusion-menu awb-menu__main-ul awb-menu__main-ul_row\"><li  id=\"menu-item-1707\"  class=\"menu-item menu-item-type-post_type menu-item-object-page menu-item-home menu-item-1707 awb-menu__li awb-menu__main-li awb-menu__main-li_regular\"  data-item-id=\"1707\"><span class=\"awb-menu__main-background-default awb-menu__main-background-default_fade\"><\/span><span class=\"awb-menu__main-background-active awb-menu__main-background-active_fade\"><\/span><a  href=\"https:\/\/www.lepetittrainbastia.corsica\/en\/\" class=\"awb-menu__main-a awb-menu__main-a_regular\"><span class=\"menu-text\">Home<\/span><\/a><\/li><li  id=\"menu-item-2359\"  class=\"menu-item menu-item-type-custom menu-item-object-custom menu-item-2359 awb-menu__li awb-menu__main-li awb-menu__main-li_regular\"  data-item-id=\"2359\"><span class=\"awb-menu__main-background-default awb-menu__main-background-default_fade\"><\/span><span class=\"awb-menu__main-background-active awb-menu__main-background-active_fade\"><\/span><a  href=\"https:\/\/www.lepetittrainbastia.corsica\/en\/#Histoire\" class=\"awb-menu__main-a awb-menu__main-a_regular\"><span class=\"menu-text\">History<\/span><\/a><\/li><li  id=\"menu-item-2362\"  class=\"menu-item menu-item-type-custom menu-item-object-custom menu-item-2362 awb-menu__li awb-menu__main-li awb-menu__main-li_regular\"  data-item-id=\"2362\"><span class=\"awb-menu__main-background-default awb-menu__main-background-default_fade\"><\/span><span class=\"awb-menu__main-background-active awb-menu__main-background-active_fade\"><\/span><a  href=\"https:\/\/www.lepetittrainbastia.corsica\/en\/#Circuit\" class=\"awb-menu__main-a awb-menu__main-a_regular\"><span class=\"menu-text\">Tour<\/span><\/a><\/li><li  id=\"menu-item-2365\"  class=\"menu-item menu-item-type-custom menu-item-object-custom menu-item-2365 awb-menu__li awb-menu__main-li awb-menu__main-li_regular\"  data-item-id=\"2365\"><span class=\"awb-menu__main-background-default awb-menu__main-background-default_fade\"><\/span><span class=\"awb-menu__main-background-active awb-menu__main-background-active_fade\"><\/span><a  href=\"https:\/\/www.lepetittrainbastia.corsica\/en\/#Tarifs\" class=\"awb-menu__main-a awb-menu__main-a_regular\"><span class=\"menu-text\">Prices<\/span><\/a><\/li><li  id=\"menu-item-2372\"  class=\"menu-item menu-item-type-custom menu-item-object-custom menu-item-2372 awb-menu__li awb-menu__main-li awb-menu__main-li_regular\"  data-item-id=\"2372\"><span class=\"awb-menu__main-background-default awb-menu__main-background-default_fade\"><\/span><span class=\"awb-menu__main-background-active awb-menu__main-background-active_fade\"><\/span><a  href=\"https:\/\/www.lepetittrainbastia.corsica\/en\/#Contact\" class=\"awb-menu__main-a awb-menu__main-a_regular\"><span class=\"menu-text\">Contact<\/span><\/a><\/li><li  id=\"menu-item-2374\"  class=\"menu-item menu-item-type-custom menu-item-object-custom menu-item-2374 awb-menu__li awb-menu__main-li awb-menu__main-li_regular\"  data-item-id=\"2374\"><span class=\"awb-menu__main-background-default awb-menu__main-background-default_fade\"><\/span><span class=\"awb-menu__main-background-active awb-menu__main-background-active_fade\"><\/span><a  href=\"https:\/\/www.lepetittrainbastia.corsica\/en\/#Blog\" class=\"awb-menu__main-a awb-menu__main-a_regular\"><span class=\"menu-text\">Blog<\/span><\/a><\/li><li  id=\"menu-item-2636\"  class=\"trp-language-switcher-container menu-item menu-item-type-post_type menu-item-object-language_switcher current-language-menu-item menu-item-2636 awb-menu__li awb-menu__main-li awb-menu__main-li_regular\"  data-item-id=\"2636\"><span class=\"awb-menu__main-background-default awb-menu__main-background-default_fade\"><\/span><span class=\"awb-menu__main-background-active awb-menu__main-background-active_fade\"><\/span><a  href=\"https:\/\/www.lepetittrainbastia.corsica\/en\/wp-json\/wp\/v2\/pages\/2557\" class=\"awb-menu__main-a awb-menu__main-a_regular\"><span class=\"menu-text\"><span data-no-translation><img decoding=\"async\" class=\"lazyload trp-flag-image\" src=\"data:image\/svg+xml,%3Csvg%20xmlns%3D%27http%3A%2F%2Fwww.w3.org%2F2000%2Fsvg%27%20width%3D%2718%27%20height%3D%2712%27%20viewBox%3D%270%200%2018%2012%27%3E%3Crect%20width%3D%2718%27%20height%3D%2712%27%20fill-opacity%3D%220%22%2F%3E%3C%2Fsvg%3E\" data-orig-src=\"https:\/\/www.lepetittrainbastia.corsica\/wp-content\/plugins\/translatepress-multilingual\/assets\/images\/flags\/fr_FR.png\" width=\"18\" height=\"12\" alt=\"fr_FR\" title=\"Fran\u00e7ais\"><span class=\"trp-ls-language-name\">Fran\u00e7ais<\/span><\/span><\/span><\/a><\/li><\/ul><\/nav><\/div><\/div><\/div><\/div><div class=\"fusion-fullwidth fullwidth-box fusion-builder-row-2 fusion-flex-container has-pattern-background has-mask-background nonhundred-percent-fullwidth non-hundred-percent-height-scrolling\" style=\"--awb-border-radius-top-left:0px;--awb-border-radius-top-right:0px;--awb-border-radius-bottom-right:0px;--awb-border-radius-bottom-left:0px;--awb-flex-wrap:wrap;\" ><div class=\"fusion-builder-row fusion-row fusion-flex-align-items-flex-start fusion-flex-content-wrap\" style=\"max-width:1331.2px;margin-left: calc(-4% \/ 2 );margin-right: calc(-4% \/ 2 );\"><div class=\"fusion-layout-column fusion_builder_column fusion-builder-column-1 fusion_builder_column_1_1 1_1 fusion-flex-column\" style=\"--awb-bg-size:cover;--awb-width-large:100%;--awb-margin-top-large:0px;--awb-spacing-right-large:1.92%;--awb-margin-bottom-large:20px;--awb-spacing-left-large:1.92%;--awb-width-medium:100%;--awb-order-medium:0;--awb-spacing-right-medium:1.92%;--awb-spacing-left-medium:1.92%;--awb-width-small:100%;--awb-order-small:0;--awb-spacing-right-small:1.92%;--awb-spacing-left-small:1.92%;\"><div class=\"fusion-column-wrapper fusion-column-has-shadow fusion-flex-justify-content-flex-start fusion-content-layout-column\"><div class=\"fusion-text fusion-text-1\"><h3>GENERAL TERMS AND CONDITIONS OF SALE<\/h3>\n<p>Article 1 &#8211; Introduction<\/p>\n<p>TTT Soci\u00e9t\u00e9 de Transport en Commun par Train Touristique (hereinafter referred to as \"Le Petit Train de Bastia\" or \"the Company\") is a company offering guided tours of the city of Bastia on a small tourist train. The present general terms and conditions of sale (GTC) govern the relationship between the Company and its customers.<\/p>\n<p>Article 2 &#8211; D\u00e9finitions<\/p>\n<ul>\n<li>Customer: any natural or legal person purchasing tickets for the tourist train rides.<\/li>\n<li>Ticket : title giving the right to a place on board the little train for a ride.<\/li>\n<li>Driver: employee of the Company driving the small train.<\/li>\n<\/ul>\n<p>Article 3 &#8211; Objet<\/p>\n<p>The purpose of these GTC is to define the conditions under which tickets are sold and services are provided by the Company. They apply to all ticket sales and services provided by the Company, whether at the Bastia tourist office or directly with the driver.<\/p>\n<p>Article 4 \u2013 Price<\/p>\n<p>The prices of the small train rides are fixed according to the categories of tickets (adults, children and groups) and the possible reductions granted. Prices are indicated in euros, all taxes included, and are subject to change at any time. The schedules and rates are mentioned on the Company's website.<\/p>\n<p>Article 5 - Reservation terms and conditions<\/p>\n<p>Tickets can be reserved and purchased at the Bastia tourist office or directly from the driver of the little train. Reservations are subject to availability. Groups are defined as a minimum of 10 people.<\/p>\n<p>Article 6 - Terms of payment<\/p>\n<p>Payments can be made in cash or by check to the driver, and by credit card at the tourist office of Bastia, subject to acceptance by the Company.<\/p>\n<p>Article 7 - Issue of tickets<\/p>\n<p>Tickets are issued in paper form only. The ticket must be presented to the driver before boarding the train.<\/p>\n<p>Article 8 - Modification and cancellation<\/p>\n<p>Clients may modify or cancel their reservation up to 48 hours before departure, subject to availability. After this time, no refund or exchange will be possible.<\/p>\n<p>Article 9 - Refunds<\/p>\n<p>In the event of cancellation by the Client under the conditions provided for in Article 8, the Company will refund the amount of the tickets, excluding any administration fees. Tickets purchased at the tourist office will be refunded at the tourist office, and those purchased from the driver will be refunded by the driver. In case of cancellation or modification by the Company, the Customer will be fully refunded.<\/p>\n<p>Article 10 - Schedules and itineraries<\/p>\n<p>The schedules and itineraries of the small train rides are available on the Company's website. Departures are guaranteed from 4 passengers. If less than 4 passengers are present, the departure is cancelled. The Company reserves the right to modify the schedules and itineraries in case of necessity or for reasons beyond its control, without this giving rise to any compensation or refund.<\/p>\n<p>Article 11 - Responsibilities and insurance<\/p>\n<p>The Company is responsible for the proper performance of the services provided in accordance with these T&amp;Cs. The Company is covered by professional liability insurance. The Client is responsible for its own safety and that of the persons accompanying it. The Client is required to comply with the safety instructions given by the Company and the Driver.<\/p>\n<p>Article 12 - Access and security conditions<\/p>\n<p>Customers must comply with the safety rules and the Driver's instructions on board the train. Children under the age of 12 must be accompanied by an adult. Pets are allowed on the train, provided they are kept on a leash and do not cause a nuisance to other passengers. Bulky luggage and dangerous objects are not allowed.<\/p>\n<p>Article 13 - Lost and Found<\/p>\n<p>Items found on board the little train must be given to the Driver or to the Bastia Tourist Office. The objects can be recovered by their owners on presentation of an identity card.<\/p>\n<p>Article 14 - Complaints<\/p>\n<p>Any complaint relating to a service provided by the Company must be sent by registered mail with acknowledgement of receipt to the Company's address or by e-mail to the e-mail address indicated on the Company's website, within 30 days of the date of the service concerned.<\/p>\n<p>Article 15 - Protection of personal data<\/p>\n<p>The Company collects and processes the personal data of the Clients in compliance with the regulations in force. The data is used to manage reservations, issue tickets and provide services. Clients have the right to access, rectify, delete and oppose their data for legitimate reasons, which they may exercise by contacting the Company.<\/p>\n<p>Article 16 - Intellectual Property<\/p>\n<p>The trademarks, logos, texts, images and other contents of the Company are protected by intellectual property law. Any reproduction, representation or use without prior authorization from the Company is prohibited.<\/p>\n<p>Article 17 - Applicable law and competent jurisdiction<\/p>\n<p>The present GTC are governed by French law. In the event of a dispute, the parties shall endeavor to find an amicable solution. Failing that, the French courts will have exclusive jurisdiction to settle the dispute.<\/p>\n<p>Article 18 - Modification of the general conditions of sale<\/p>\n<p>The Company reserves the right to modify these GTC at any time. The modifications will come into effect as soon as they are published on the Company's website and will apply to reservations made after this publication. Clients are invited to regularly consult the GTC in order to take note of any changes.<\/p>\n<p>Article 19 - Final Provisions<\/p>\n<p>If any provision of these GTC is found to be invalid, it shall be deemed unwritten, without invalidating the other provisions. The non-exercise by one of the parties of its rights resulting from the present GTC shall not be interpreted as a waiver to assert these rights later.<\/p>\n<p>Company details :<\/p>\n<p>TTT Soci\u00e9t\u00e9 de Transport en Commun par Train Touristique Le Petit Train de Bastia Si\u00e8ge social : 1507 Route de St Andr\u00e9 &#8211; Villa Thalassa &#8211; 20620 Biguglia \u2013 Mail : &#x70;&#101;t&#x69;&#x74;&#116;r&#x61;&#x69;&#110;&#46;&#x62;&#97;s&#x74;&#x69;&#97;&#64;&#x67;&#x6d;&#97;i&#x6c;&#46;&#99;&#x6f;&#x6d;- T\u00e9l\u00e9phone : 06 09 37 00 54<\/p>\n<p>Last update date : 25\/04\/2023<\/p>\n<\/div><\/div><\/div><\/div><\/div><\/p>","protected":false},"excerpt":{"rendered":"","protected":false},"author":2,"featured_media":0,"parent":0,"menu_order":0,"comment_status":"closed","ping_status":"closed","template":"100-width.php","meta":{"footnotes":""},"class_list":["post-2557","page","type-page","status-publish","hentry"],"yoast_head":"<!-- This site is optimized with the Yoast SEO plugin v27.5 - https:\/\/yoast.com\/product\/yoast-seo-wordpress\/ -->\n<title>Conditions g\u00e9n\u00e9rales de vente - Le Petit Train De Bastia<\/title>\n<meta name=\"robots\" content=\"noindex, follow\" \/>\n<meta property=\"og:locale\" content=\"en_GB\" \/>\n<meta property=\"og:type\" content=\"article\" \/>\n<meta property=\"og:title\" content=\"Conditions g\u00e9n\u00e9rales de vente - Le Petit Train De Bastia\" \/>\n<meta property=\"og:url\" content=\"https:\/\/www.lepetittrainbastia.corsica\/en\/conditions-generales-de-vente\/\" \/>\n<meta property=\"og:site_name\" content=\"Le Petit Train De Bastia\" \/>\n<meta property=\"article:publisher\" content=\"https:\/\/www.facebook.com\/petitrainBastia\/\" \/>\n<meta property=\"article:modified_time\" content=\"2025-10-13T12:18:55+00:00\" \/>\n<meta name=\"twitter:card\" content=\"summary_large_image\" \/>\n<meta name=\"twitter:label1\" content=\"Estimated reading time\" \/>\n\t<meta name=\"twitter:data1\" content=\"6 minutes\" \/>\n<script type=\"application\/ld+json\" class=\"yoast-schema-graph\">{\"@context\":\"https:\\\/\\\/schema.org\",\"@graph\":[{\"@type\":\"WebPage\",\"@id\":\"https:\\\/\\\/www.lepetittrainbastia.corsica\\\/conditions-generales-de-vente\\\/\",\"url\":\"https:\\\/\\\/www.lepetittrainbastia.corsica\\\/conditions-generales-de-vente\\\/\",\"name\":\"Conditions g\u00e9n\u00e9rales de vente - Le Petit Train De Bastia\",\"isPartOf\":{\"@id\":\"https:\\\/\\\/www.lepetittrainbastia.corsica\\\/#website\"},\"datePublished\":\"2023-04-21T14:32:27+00:00\",\"dateModified\":\"2025-10-13T12:18:55+00:00\",\"breadcrumb\":{\"@id\":\"https:\\\/\\\/www.lepetittrainbastia.corsica\\\/conditions-generales-de-vente\\\/#breadcrumb\"},\"inLanguage\":\"en-GB\",\"potentialAction\":[{\"@type\":\"ReadAction\",\"target\":[\"https:\\\/\\\/www.lepetittrainbastia.corsica\\\/conditions-generales-de-vente\\\/\"]}]},{\"@type\":\"BreadcrumbList\",\"@id\":\"https:\\\/\\\/www.lepetittrainbastia.corsica\\\/conditions-generales-de-vente\\\/#breadcrumb\",\"itemListElement\":[{\"@type\":\"ListItem\",\"position\":1,\"name\":\"Accueil\",\"item\":\"https:\\\/\\\/www.lepetittrainbastia.corsica\\\/\"},{\"@type\":\"ListItem\",\"position\":2,\"name\":\"Conditions g\u00e9n\u00e9rales de vente\"}]},{\"@type\":\"WebSite\",\"@id\":\"https:\\\/\\\/www.lepetittrainbastia.corsica\\\/#website\",\"url\":\"https:\\\/\\\/www.lepetittrainbastia.corsica\\\/\",\"name\":\"Le Petit Train De Bastia\",\"description\":\"Prenez place dans l&#039;histoire de Bastia, \u00e0 bord du Petit Train, pour une exp\u00e9rience unique et pittoresque.\",\"publisher\":{\"@id\":\"https:\\\/\\\/www.lepetittrainbastia.corsica\\\/#organization\"},\"potentialAction\":[{\"@type\":\"SearchAction\",\"target\":{\"@type\":\"EntryPoint\",\"urlTemplate\":\"https:\\\/\\\/www.lepetittrainbastia.corsica\\\/?s={search_term_string}\"},\"query-input\":{\"@type\":\"PropertyValueSpecification\",\"valueRequired\":true,\"valueName\":\"search_term_string\"}}],\"inLanguage\":\"en-GB\"},{\"@type\":\"Organization\",\"@id\":\"https:\\\/\\\/www.lepetittrainbastia.corsica\\\/#organization\",\"name\":\"Le Petit Train De Bastia\",\"url\":\"https:\\\/\\\/www.lepetittrainbastia.corsica\\\/\",\"logo\":{\"@type\":\"ImageObject\",\"inLanguage\":\"en-GB\",\"@id\":\"https:\\\/\\\/www.lepetittrainbastia.corsica\\\/#\\\/schema\\\/logo\\\/image\\\/\",\"url\":\"https:\\\/\\\/www.lepetittrainbastia.maquette-studio-orba.com\\\/wp-content\\\/uploads\\\/2023\\\/04\\\/logo-3-low_Plan-de-travail-1.png\",\"contentUrl\":\"https:\\\/\\\/www.lepetittrainbastia.maquette-studio-orba.com\\\/wp-content\\\/uploads\\\/2023\\\/04\\\/logo-3-low_Plan-de-travail-1.png\",\"width\":861,\"height\":279,\"caption\":\"Le Petit Train De Bastia\"},\"image\":{\"@id\":\"https:\\\/\\\/www.lepetittrainbastia.corsica\\\/#\\\/schema\\\/logo\\\/image\\\/\"},\"sameAs\":[\"https:\\\/\\\/www.facebook.com\\\/petitrainBastia\\\/\",\"https:\\\/\\\/www.tripadvisor.fr\\\/Attraction_Review-g187141-d6960861-Reviews-Petit_Train_Touristique-Bastia_Haute_Corse_Corsica.html\",\"https:\\\/\\\/www.instagram.com\\\/bastiapetittrain\\\/\"]}]}<\/script>\n<!-- \/ Yoast SEO plugin. -->","yoast_head_json":{"title":"Conditions g\u00e9n\u00e9rales de vente - Le Petit Train De Bastia","robots":{"index":"noindex","follow":"follow"},"og_locale":"en_GB","og_type":"article","og_title":"Conditions g\u00e9n\u00e9rales de vente - Le Petit Train De Bastia","og_url":"https:\/\/www.lepetittrainbastia.corsica\/en\/conditions-generales-de-vente\/","og_site_name":"Le Petit Train De Bastia","article_publisher":"https:\/\/www.facebook.com\/petitrainBastia\/","article_modified_time":"2025-10-13T12:18:55+00:00","twitter_card":"summary_large_image","twitter_misc":{"Estimated reading time":"6 minutes"},"schema":{"@context":"https:\/\/schema.org","@graph":[{"@type":"WebPage","@id":"https:\/\/www.lepetittrainbastia.corsica\/conditions-generales-de-vente\/","url":"https:\/\/www.lepetittrainbastia.corsica\/conditions-generales-de-vente\/","name":"Conditions g\u00e9n\u00e9rales de vente - Le Petit Train De Bastia","isPartOf":{"@id":"https:\/\/www.lepetittrainbastia.corsica\/#website"},"datePublished":"2023-04-21T14:32:27+00:00","dateModified":"2025-10-13T12:18:55+00:00","breadcrumb":{"@id":"https:\/\/www.lepetittrainbastia.corsica\/conditions-generales-de-vente\/#breadcrumb"},"inLanguage":"en-GB","potentialAction":[{"@type":"ReadAction","target":["https:\/\/www.lepetittrainbastia.corsica\/conditions-generales-de-vente\/"]}]},{"@type":"BreadcrumbList","@id":"https:\/\/www.lepetittrainbastia.corsica\/conditions-generales-de-vente\/#breadcrumb","itemListElement":[{"@type":"ListItem","position":1,"name":"Accueil","item":"https:\/\/www.lepetittrainbastia.corsica\/"},{"@type":"ListItem","position":2,"name":"Conditions g\u00e9n\u00e9rales de vente"}]},{"@type":"WebSite","@id":"https:\/\/www.lepetittrainbastia.corsica\/#website","url":"https:\/\/www.lepetittrainbastia.corsica\/","name":"Le Petit Train De Bastia","description":"Prenez place dans l&#039;histoire de Bastia, \u00e0 bord du Petit Train, pour une exp\u00e9rience unique et pittoresque.","publisher":{"@id":"https:\/\/www.lepetittrainbastia.corsica\/#organization"},"potentialAction":[{"@type":"SearchAction","target":{"@type":"EntryPoint","urlTemplate":"https:\/\/www.lepetittrainbastia.corsica\/?s={search_term_string}"},"query-input":{"@type":"PropertyValueSpecification","valueRequired":true,"valueName":"search_term_string"}}],"inLanguage":"en-GB"},{"@type":"Organization","@id":"https:\/\/www.lepetittrainbastia.corsica\/#organization","name":"Le Petit Train De Bastia","url":"https:\/\/www.lepetittrainbastia.corsica\/","logo":{"@type":"ImageObject","inLanguage":"en-GB","@id":"https:\/\/www.lepetittrainbastia.corsica\/#\/schema\/logo\/image\/","url":"https:\/\/www.lepetittrainbastia.maquette-studio-orba.com\/wp-content\/uploads\/2023\/04\/logo-3-low_Plan-de-travail-1.png","contentUrl":"https:\/\/www.lepetittrainbastia.maquette-studio-orba.com\/wp-content\/uploads\/2023\/04\/logo-3-low_Plan-de-travail-1.png","width":861,"height":279,"caption":"Le Petit Train De Bastia"},"image":{"@id":"https:\/\/www.lepetittrainbastia.corsica\/#\/schema\/logo\/image\/"},"sameAs":["https:\/\/www.facebook.com\/petitrainBastia\/","https:\/\/www.tripadvisor.fr\/Attraction_Review-g187141-d6960861-Reviews-Petit_Train_Touristique-Bastia_Haute_Corse_Corsica.html","https:\/\/www.instagram.com\/bastiapetittrain\/"]}]}},"_links":{"self":[{"href":"https:\/\/www.lepetittrainbastia.corsica\/en\/wp-json\/wp\/v2\/pages\/2557","targetHints":{"allow":["GET"]}}],"collection":[{"href":"https:\/\/www.lepetittrainbastia.corsica\/en\/wp-json\/wp\/v2\/pages"}],"about":[{"href":"https:\/\/www.lepetittrainbastia.corsica\/en\/wp-json\/wp\/v2\/types\/page"}],"author":[{"embeddable":true,"href":"https:\/\/www.lepetittrainbastia.corsica\/en\/wp-json\/wp\/v2\/users\/2"}],"replies":[{"embeddable":true,"href":"https:\/\/www.lepetittrainbastia.corsica\/en\/wp-json\/wp\/v2\/comments?post=2557"}],"version-history":[{"count":4,"href":"https:\/\/www.lepetittrainbastia.corsica\/en\/wp-json\/wp\/v2\/pages\/2557\/revisions"}],"predecessor-version":[{"id":2707,"href":"https:\/\/www.lepetittrainbastia.corsica\/en\/wp-json\/wp\/v2\/pages\/2557\/revisions\/2707"}],"wp:attachment":[{"href":"https:\/\/www.lepetittrainbastia.corsica\/en\/wp-json\/wp\/v2\/media?parent=2557"}],"curies":[{"name":"wp","href":"https:\/\/api.w.org\/{rel}","templated":true}]}}